{"id":99,"date":"2022-11-26T17:34:48","date_gmt":"2022-11-26T16:34:48","guid":{"rendered":"http:\/\/bnzmany.cluster029.hosting.ovh.net\/?post_type=product&#038;p=99"},"modified":"2022-12-10T17:35:40","modified_gmt":"2022-12-10T16:35:40","slug":"2-brosses-a-dents","status":"publish","type":"product","link":"http:\/\/bnzmany.cluster029.hosting.ovh.net\/index.php\/product\/2-brosses-a-dents\/","title":{"rendered":"Lot 2 brosses \u00e0 dents 6\u20ac"},"content":{"rendered":"<p><span style=\"font-weight: 400;\">Marque : Bioseptyl<\/span><\/p>\n<p><span style=\"font-weight: 400;\">Prix : 5,62 \u20ac<\/span><\/p>\n<p><span style=\"font-weight: 400;\">Mod\u00e8le : 2 brosses \u00e0 dents La Bavouille 6-12 mois gris-mauve<\/span><\/p>\n<p><span style=\"font-weight: 400;\">\u00c0 commander en ligne <a href=\"http:\/\/www.bioseptyl.fr\/nos-brosses-a-dents-bebes\/12-36-labavouille.html#\/16-couleur-gris_mauve\">ICI<\/a>\u00a0<\/span><\/p>\n<p>En r\u00e9servant ce produit, vous vous engagez \u00e0 prendre en charge l&#8217;achat de ce cadeau pour Isaure.<br \/>\nAttention \u00e0 bien aller au bout du processus de r\u00e9servation en entrant vos coordonn\u00e9es. Vous recevrez ensuite un mail de confirmation. Ce produit n&#8217;appara\u00eetra alors plus disponible sur le site, vous l&#8217;avez r\u00e9serv\u00e9 !!<br \/>\n\u00c0 vous enfin de commander le cadeau choisi en seconde main ou sur le site du fabriquant et de l&#8217;offrir \u00e0 Isaure en mains propres \ud83d\ude42.<\/p>\n","protected":false},"excerpt":{"rendered":"<h3>Lot de 2 brosses \u00e0 dents<\/h3>\n<p><span style=\"font-weight: 400;\">Marque : Bioseptyl<\/span><\/p>\n<p><span style=\"font-weight: 400;\">Prix : 5,62 \u20ac<\/span><\/p>\n<p><span style=\"font-weight: 400;\">Mod\u00e8le : 2 brosses \u00e0 dents La Bavouille 6-12 mois gris-mauve<\/span><\/p>\n","protected":false},"featured_media":634,"template":"","meta":[],"product_cat":[19],"product_tag":[],"class_list":["post-99","product","type-product","status-publish","has-post-thumbnail","hentry","product_cat-noel"],"_links":{"self":[{"href":"http:\/\/bnzmany.cluster029.hosting.ovh.net\/index.php\/wp-json\/wp\/v2\/product\/99","targetHints":{"allow":["GET"]}}],"collection":[{"href":"http:\/\/bnzmany.cluster029.hosting.ovh.net\/index.php\/wp-json\/wp\/v2\/product"}],"about":[{"href":"http:\/\/bnzmany.cluster029.hosting.ovh.net\/index.php\/wp-json\/wp\/v2\/types\/product"}],"wp:featuredmedia":[{"embeddable":true,"href":"http:\/\/bnzmany.cluster029.hosting.ovh.net\/index.php\/wp-json\/wp\/v2\/media\/634"}],"wp:attachment":[{"href":"http:\/\/bnzmany.cluster029.hosting.ovh.net\/index.php\/wp-json\/wp\/v2\/media?parent=99"}],"wp:term":[{"taxonomy":"product_cat","embeddable":true,"href":"http:\/\/bnzmany.cluster029.hosting.ovh.net\/index.php\/wp-json\/wp\/v2\/product_cat?post=99"},{"taxonomy":"product_tag","embeddable":true,"href":"http:\/\/bnzmany.cluster029.hosting.ovh.net\/index.php\/wp-json\/wp\/v2\/product_tag?post=99"}],"curies":[{"name":"wp","href":"https:\/\/api.w.org\/{rel}","templated":true}]}}