{"id":62,"date":"2022-11-21T15:57:56","date_gmt":"2022-11-21T14:57:56","guid":{"rendered":"http:\/\/bnzmany.cluster029.hosting.ovh.net\/?post_type=product&#038;p=62"},"modified":"2023-01-30T21:13:14","modified_gmt":"2023-01-30T20:13:14","slug":"t-shirt-anti-uv","status":"publish","type":"product","link":"http:\/\/bnzmany.cluster029.hosting.ovh.net\/index.php\/product\/t-shirt-anti-uv\/","title":{"rendered":"T-shirt anti-UV 5-10\u20ac"},"content":{"rendered":"<p>Marque : Hamac Paris<\/p>\n<p>Prix : 5,00 \u20ac &#8211; 10,00 \u20ac<\/p>\n<p>Mod\u00e8le : T-shirt anti-UV 12 mois 6-12 kg (couleur au choix)<\/p>\n<p>\u00c0 acheter imp\u00e9rativement de seconde main sur : www.label-emmaus.co, www.leboncoin.fr, www.facebook.com\/marketplace ou www.vinted.fr<\/p>\n<p>Pour info, le <a href=\"http:\/\/www.hamac-paris.fr\/s\/47989_317344_tee-shirt-anti-uv-bebe-imprime\">site du fabriquant<\/a><\/p>\n<p>En r\u00e9servant ce produit, vous vous engagez \u00e0 prendre en charge l&#8217;achat de ce cadeau pour Isaure.<br \/>\nAttention \u00e0 bien aller au bout du processus de r\u00e9servation en entrant vos coordonn\u00e9es. Vous recevrez ensuite un mail de confirmation. Ce produit n&#8217;appara\u00eetra alors plus disponible sur le site, vous l&#8217;avez r\u00e9serv\u00e9 !!<br \/>\n\u00c0 vous enfin de commander le cadeau choisi en seconde main ou sur le site du fabriquant et de l&#8217;offrir \u00e0 Isaure en mains propres \ud83d\ude42.<\/p>\n","protected":false},"excerpt":{"rendered":"<h3>T-shirt anti-UV<\/h3>\n<p>Marque : Hamac Paris<\/p>\n<p>Prix : 5,00 \u20ac &#8211; 10,00 \u20ac<\/p>\n<p>Mod\u00e8le : T-shirt anti-UV 12 mois 6-12 kg (couleur au choix)<\/p>\n","protected":false},"featured_media":645,"template":"","meta":[],"product_cat":[19],"product_tag":[],"class_list":["post-62","product","type-product","status-publish","has-post-thumbnail","hentry","product_cat-noel"],"_links":{"self":[{"href":"http:\/\/bnzmany.cluster029.hosting.ovh.net\/index.php\/wp-json\/wp\/v2\/product\/62","targetHints":{"allow":["GET"]}}],"collection":[{"href":"http:\/\/bnzmany.cluster029.hosting.ovh.net\/index.php\/wp-json\/wp\/v2\/product"}],"about":[{"href":"http:\/\/bnzmany.cluster029.hosting.ovh.net\/index.php\/wp-json\/wp\/v2\/types\/product"}],"wp:featuredmedia":[{"embeddable":true,"href":"http:\/\/bnzmany.cluster029.hosting.ovh.net\/index.php\/wp-json\/wp\/v2\/media\/645"}],"wp:attachment":[{"href":"http:\/\/bnzmany.cluster029.hosting.ovh.net\/index.php\/wp-json\/wp\/v2\/media?parent=62"}],"wp:term":[{"taxonomy":"product_cat","embeddable":true,"href":"http:\/\/bnzmany.cluster029.hosting.ovh.net\/index.php\/wp-json\/wp\/v2\/product_cat?post=62"},{"taxonomy":"product_tag","embeddable":true,"href":"http:\/\/bnzmany.cluster029.hosting.ovh.net\/index.php\/wp-json\/wp\/v2\/product_tag?post=62"}],"curies":[{"name":"wp","href":"https:\/\/api.w.org\/{rel}","templated":true}]}}