{"id":110,"date":"2022-11-26T17:45:40","date_gmt":"2022-11-26T16:45:40","guid":{"rendered":"http:\/\/bnzmany.cluster029.hosting.ovh.net\/?post_type=product&#038;p=110"},"modified":"2022-12-08T18:43:26","modified_gmt":"2022-12-08T17:43:26","slug":"epargne-pour-mon-avenir","status":"publish","type":"product","link":"http:\/\/bnzmany.cluster029.hosting.ovh.net\/index.php\/product\/epargne-pour-mon-avenir\/","title":{"rendered":"\u00c9pargne pour mon avenir"},"content":{"rendered":"<p><span style=\"font-weight: 400;\">Ma banque : La Nef, pour la banque \u00e9thique<\/span><\/p>\n<p><span style=\"font-weight: 400;\">Alimentez mon compte \u00e9pargne pour assurer le lancement dans ma vie d\u2019adulte\u00a0: acheter ma premi\u00e8re voiture \u00e0 hydrog\u00e8ne, d\u00e9velopper ma premi\u00e8re invention r\u00e9volutionnaire ou investir dans ceux en qui je crois\u2026<\/span><\/p>\n<p><span style=\"font-weight: 400;\">Le RIB sera envoy\u00e9 par mail apr\u00e8s validation de la r\u00e9servation \ud83d\ude09<\/span><\/p>\n<p>&nbsp;<\/p>\n","protected":false},"excerpt":{"rendered":"<h3>Epargne pour mon avenir<\/h3>\n<p><span style=\"font-weight: 400;\">Ma banque : La Nef, pour la banque \u00e9thique<\/span><\/p>\n<p><span style=\"font-weight: 400;\">Alimentez mon compte \u00e9pargne pour assurer le lancement dans ma vie d\u2019adulte<\/span><\/p>\n","protected":false},"featured_media":554,"template":"","meta":[],"product_cat":[19],"product_tag":[],"class_list":["post-110","product","type-product","status-publish","has-post-thumbnail","hentry","product_cat-noel"],"_links":{"self":[{"href":"http:\/\/bnzmany.cluster029.hosting.ovh.net\/index.php\/wp-json\/wp\/v2\/product\/110","targetHints":{"allow":["GET"]}}],"collection":[{"href":"http:\/\/bnzmany.cluster029.hosting.ovh.net\/index.php\/wp-json\/wp\/v2\/product"}],"about":[{"href":"http:\/\/bnzmany.cluster029.hosting.ovh.net\/index.php\/wp-json\/wp\/v2\/types\/product"}],"wp:featuredmedia":[{"embeddable":true,"href":"http:\/\/bnzmany.cluster029.hosting.ovh.net\/index.php\/wp-json\/wp\/v2\/media\/554"}],"wp:attachment":[{"href":"http:\/\/bnzmany.cluster029.hosting.ovh.net\/index.php\/wp-json\/wp\/v2\/media?parent=110"}],"wp:term":[{"taxonomy":"product_cat","embeddable":true,"href":"http:\/\/bnzmany.cluster029.hosting.ovh.net\/index.php\/wp-json\/wp\/v2\/product_cat?post=110"},{"taxonomy":"product_tag","embeddable":true,"href":"http:\/\/bnzmany.cluster029.hosting.ovh.net\/index.php\/wp-json\/wp\/v2\/product_tag?post=110"}],"curies":[{"name":"wp","href":"https:\/\/api.w.org\/{rel}","templated":true}]}}