{"id":105,"date":"2022-11-26T17:41:46","date_gmt":"2022-11-26T16:41:46","guid":{"rendered":"http:\/\/bnzmany.cluster029.hosting.ovh.net\/?post_type=product&#038;p=105"},"modified":"2022-12-10T17:34:05","modified_gmt":"2022-12-10T16:34:05","slug":"conteuse","status":"publish","type":"product","link":"http:\/\/bnzmany.cluster029.hosting.ovh.net\/index.php\/product\/conteuse\/","title":{"rendered":"Conteuse 80\u20ac"},"content":{"rendered":"<p><span style=\"font-weight: 400;\">Marque : Joyeuse<\/span><\/p>\n<p><span style=\"font-weight: 400;\">Prix : 79,90 \u20ac (prix neuf)<\/span><\/p>\n<p><span style=\"font-weight: 400;\">Mod\u00e8le : \u00ab\u00a0Ma premi\u00e8re Conteuse\u00a0\u00bb pour les 1\u00a0000 premiers jours<\/span><\/p>\n<p><span style=\"font-weight: 400;\">\u00c0 acheter si \u00e7a existe de seconde main sur\u00a0: <\/span><a href=\"http:\/\/www.label-emmaus.co\/\"><span style=\"font-weight: 400;\">www.label-emmaus.co<\/span><\/a><span style=\"font-weight: 400;\">, <\/span><a href=\"http:\/\/www.leboncoin.fr\/\"><span style=\"font-weight: 400;\">www.leboncoin.fr<\/span><\/a><span style=\"font-weight: 400;\">, <\/span><a href=\"http:\/\/www.facebook.com\/marketplace\"><span style=\"font-weight: 400;\">www.facebook.com\/marketplace<\/span><\/a><span style=\"font-weight: 400;\"> ou <\/span><a href=\"http:\/\/www.vinted.fr\/\"><span style=\"font-weight: 400;\">www.vinted.fr<\/span><\/a><\/p>\n<p><span style=\"font-weight: 400;\">Sinon, \u00e0 commander en ligne <a href=\"http:\/\/www.joyeuse.io\/products\/ma-premiere-conteuse\">ICI<\/a>\u00a0<\/span><\/p>\n<p>En r\u00e9servant ce produit, vous vous engagez \u00e0 prendre en charge l&#8217;achat de ce cadeau pour Isaure.<br \/>\nAttention \u00e0 bien aller au bout du processus de r\u00e9servation en entrant vos coordonn\u00e9es. Vous recevrez ensuite un mail de confirmation. Ce produit n&#8217;appara\u00eetra alors plus disponible sur le site, vous l&#8217;avez r\u00e9serv\u00e9 !!<br \/>\n\u00c0 vous enfin de commander le cadeau choisi en seconde main ou sur le site du fabriquant et de l&#8217;offrir \u00e0 Isaure en mains propres \ud83d\ude42.<\/p>\n","protected":false},"excerpt":{"rendered":"<h3>Conteuse<\/h3>\n<p><span style=\"font-weight: 400;\">Marque : Joyeuse<\/span><\/p>\n<p><span style=\"font-weight: 400;\">Prix : 79,90 \u20ac (prix neuf)<\/span><\/p>\n<p><span style=\"font-weight: 400;\">Mod\u00e8le : \u00ab\u00a0Ma premi\u00e8re Conteuse\u00a0\u00bb pour les 1\u00a0000 premiers jours<\/span><\/p>\n","protected":false},"featured_media":641,"template":"","meta":[],"product_cat":[19],"product_tag":[],"class_list":["post-105","product","type-product","status-publish","has-post-thumbnail","hentry","product_cat-noel"],"_links":{"self":[{"href":"http:\/\/bnzmany.cluster029.hosting.ovh.net\/index.php\/wp-json\/wp\/v2\/product\/105","targetHints":{"allow":["GET"]}}],"collection":[{"href":"http:\/\/bnzmany.cluster029.hosting.ovh.net\/index.php\/wp-json\/wp\/v2\/product"}],"about":[{"href":"http:\/\/bnzmany.cluster029.hosting.ovh.net\/index.php\/wp-json\/wp\/v2\/types\/product"}],"wp:featuredmedia":[{"embeddable":true,"href":"http:\/\/bnzmany.cluster029.hosting.ovh.net\/index.php\/wp-json\/wp\/v2\/media\/641"}],"wp:attachment":[{"href":"http:\/\/bnzmany.cluster029.hosting.ovh.net\/index.php\/wp-json\/wp\/v2\/media?parent=105"}],"wp:term":[{"taxonomy":"product_cat","embeddable":true,"href":"http:\/\/bnzmany.cluster029.hosting.ovh.net\/index.php\/wp-json\/wp\/v2\/product_cat?post=105"},{"taxonomy":"product_tag","embeddable":true,"href":"http:\/\/bnzmany.cluster029.hosting.ovh.net\/index.php\/wp-json\/wp\/v2\/product_tag?post=105"}],"curies":[{"name":"wp","href":"https:\/\/api.w.org\/{rel}","templated":true}]}}