{"id":103,"date":"2022-11-26T17:39:52","date_gmt":"2022-11-26T16:39:52","guid":{"rendered":"http:\/\/bnzmany.cluster029.hosting.ovh.net\/?post_type=product&#038;p=103"},"modified":"2023-01-04T18:28:27","modified_gmt":"2023-01-04T17:28:27","slug":"bebe-nageur","status":"publish","type":"product","link":"http:\/\/bnzmany.cluster029.hosting.ovh.net\/index.php\/product\/bebe-nageur\/","title":{"rendered":"B\u00e9b\u00e9 nageur 65\u20ac"},"content":{"rendered":"<p><span style=\"font-weight: 400;\">O\u00f9 ? : Centre de bien-\u00eatre AquaRel-c4mj<\/span><\/p>\n<p><span style=\"font-weight: 400;\">Prix : 65,00 \u20ac<\/span><\/p>\n<p><span style=\"font-weight: 400;\">Mod\u00e8le : Carte de 5 s\u00e9ances de b\u00e9b\u00e9 nageur (1 b\u00e9b\u00e9 et 2 adultes) \u00e0 partir de 4 mois au Centre de bien-\u00eatre AquaRel-c4mj \u00e0 Saint-Vincent-de-Tyrosse<\/span><\/p>\n<p><span style=\"font-weight: 400;\">La carte doit s\u2019acheter sur place une fois que nous serons adh\u00e9rents, nous devrons donc la prendre nous-m\u00eames.<\/span><\/p>\n<p><span style=\"font-weight: 400;\">Pour info, le <a href=\"http:\/\/www.c4mj.fr\">site du centre<\/a>\u00a0<\/span><\/p>\n<p>En r\u00e9servant ce produit, vous vous engagez \u00e0 prendre en charge l&#8217;achat de ce cadeau pour Isaure.<br \/>\nAttention \u00e0 bien aller au bout du processus de r\u00e9servation en entrant vos coordonn\u00e9es. Vous recevrez ensuite un mail de confirmation. Ce produit n&#8217;appara\u00eetra alors plus disponible sur le site, vous l&#8217;avez r\u00e9serv\u00e9 !!<br \/>\n\u00c0 vous enfin d&#8217;aller acheter le cadeau choisi ou de nous donner les sous pour qu&#8217;on aille le chercher nous m\u00eame \ud83d\ude09<\/p>\n","protected":false},"excerpt":{"rendered":"<h3>B\u00e9b\u00e9 nageur<\/h3>\n<p><span style=\"font-weight: 400;\">O\u00f9 ? : Centre de bien-\u00eatre AquaRel-c4mj<\/span><\/p>\n<p><span style=\"font-weight: 400;\">Prix : 65,00 \u20ac<\/span><\/p>\n<p><span style=\"font-weight: 400;\">Mod\u00e8le : Carte de 5 s\u00e9ances de b\u00e9b\u00e9 nageur (1 b\u00e9b\u00e9 et 2 adultes) \u00e0 partir de 4 mois au Centre de bien-\u00eatre AquaRel-c4mj \u00e0 Saint-Vincent-de-Tyrosse<\/span><\/p>\n","protected":false},"featured_media":640,"template":"","meta":[],"product_cat":[19],"product_tag":[],"class_list":["post-103","product","type-product","status-publish","has-post-thumbnail","hentry","product_cat-noel"],"_links":{"self":[{"href":"http:\/\/bnzmany.cluster029.hosting.ovh.net\/index.php\/wp-json\/wp\/v2\/product\/103","targetHints":{"allow":["GET"]}}],"collection":[{"href":"http:\/\/bnzmany.cluster029.hosting.ovh.net\/index.php\/wp-json\/wp\/v2\/product"}],"about":[{"href":"http:\/\/bnzmany.cluster029.hosting.ovh.net\/index.php\/wp-json\/wp\/v2\/types\/product"}],"wp:featuredmedia":[{"embeddable":true,"href":"http:\/\/bnzmany.cluster029.hosting.ovh.net\/index.php\/wp-json\/wp\/v2\/media\/640"}],"wp:attachment":[{"href":"http:\/\/bnzmany.cluster029.hosting.ovh.net\/index.php\/wp-json\/wp\/v2\/media?parent=103"}],"wp:term":[{"taxonomy":"product_cat","embeddable":true,"href":"http:\/\/bnzmany.cluster029.hosting.ovh.net\/index.php\/wp-json\/wp\/v2\/product_cat?post=103"},{"taxonomy":"product_tag","embeddable":true,"href":"http:\/\/bnzmany.cluster029.hosting.ovh.net\/index.php\/wp-json\/wp\/v2\/product_tag?post=103"}],"curies":[{"name":"wp","href":"https:\/\/api.w.org\/{rel}","templated":true}]}}