{"id":101,"date":"2022-11-26T17:37:10","date_gmt":"2022-11-26T16:37:10","guid":{"rendered":"http:\/\/bnzmany.cluster029.hosting.ovh.net\/?post_type=product&#038;p=101"},"modified":"2023-01-04T18:29:15","modified_gmt":"2023-01-04T17:29:15","slug":"couche-de-bain-lavable","status":"publish","type":"product","link":"http:\/\/bnzmany.cluster029.hosting.ovh.net\/index.php\/product\/couche-de-bain-lavable\/","title":{"rendered":"Couche de bain lavable 10-20\u20ac"},"content":{"rendered":"<p><span style=\"font-weight: 400;\">Marque : Hamac Paris<\/span><\/p>\n<p><span style=\"font-weight: 400;\">Prix : 10,00 \u20ac &#8211; 20,00 \u20ac<\/span><\/p>\n<p><span style=\"font-weight: 400;\">Mod\u00e8le : Couche de bain lavable 12 mois 6-12 kg (couleur au choix) + 2 absorbants lavables en microfibre 1 \u00e9paisseur<\/span><\/p>\n<p><span style=\"font-weight: 400;\">\u00c0 acheter imp\u00e9rativement de seconde main sur\u00a0: <\/span><a href=\"http:\/\/www.label-emmaus.co\/\"><span style=\"font-weight: 400;\">www.label-emmaus.co<\/span><\/a><span style=\"font-weight: 400;\">, <\/span><a href=\"http:\/\/www.leboncoin.fr\/\"><span style=\"font-weight: 400;\">www.leboncoin.fr<\/span><\/a><span style=\"font-weight: 400;\">, <\/span><a href=\"http:\/\/www.facebook.com\/marketplace\"><span style=\"font-weight: 400;\">www.facebook.com\/marketplace<\/span><\/a><span style=\"font-weight: 400;\"> ou <\/span><a href=\"http:\/\/www.vinted.fr\/\"><span style=\"font-weight: 400;\">www.vinted.fr<\/span><\/a><\/p>\n<p><span style=\"font-weight: 400;\">Pour info, le <a href=\"http:\/\/www.hamac-paris.fr\/s\/28419_347084_couche-piscine-flora\">site du fabriquant<\/a><\/span><\/p>\n<p>En r\u00e9servant ce produit, vous vous engagez \u00e0 prendre en charge l&#8217;achat de ce cadeau pour Isaure.<br \/>\nAttention \u00e0 bien aller au bout du processus de r\u00e9servation en entrant vos coordonn\u00e9es. Vous recevrez ensuite un mail de confirmation. Ce produit n&#8217;appara\u00eetra alors plus disponible sur le site, vous l&#8217;avez r\u00e9serv\u00e9 !!<br \/>\n\u00c0 vous enfin de commander le cadeau choisi en seconde main ou sur le site du fabriquant et de l&#8217;offrir \u00e0 Isaure en mains propres \ud83d\ude42.<\/p>\n","protected":false},"excerpt":{"rendered":"<h3>Couche de bain lavable<\/h3>\n<p><span style=\"font-weight: 400;\">Marque : Hamac Paris<\/span><\/p>\n<p><span style=\"font-weight: 400;\">Prix : 10,00 \u20ac &#8211; 20,00 \u20ac<\/span><\/p>\n<p><span style=\"font-weight: 400;\">Mod\u00e8le : Couche de bain lavable 12 mois 6-12 kg (couleur au choix) + 2 absorbants lavables en microfibre 1 \u00e9paisseur<\/span><\/p>\n","protected":false},"featured_media":642,"template":"","meta":[],"product_cat":[19],"product_tag":[],"class_list":["post-101","product","type-product","status-publish","has-post-thumbnail","hentry","product_cat-noel"],"_links":{"self":[{"href":"http:\/\/bnzmany.cluster029.hosting.ovh.net\/index.php\/wp-json\/wp\/v2\/product\/101","targetHints":{"allow":["GET"]}}],"collection":[{"href":"http:\/\/bnzmany.cluster029.hosting.ovh.net\/index.php\/wp-json\/wp\/v2\/product"}],"about":[{"href":"http:\/\/bnzmany.cluster029.hosting.ovh.net\/index.php\/wp-json\/wp\/v2\/types\/product"}],"wp:featuredmedia":[{"embeddable":true,"href":"http:\/\/bnzmany.cluster029.hosting.ovh.net\/index.php\/wp-json\/wp\/v2\/media\/642"}],"wp:attachment":[{"href":"http:\/\/bnzmany.cluster029.hosting.ovh.net\/index.php\/wp-json\/wp\/v2\/media?parent=101"}],"wp:term":[{"taxonomy":"product_cat","embeddable":true,"href":"http:\/\/bnzmany.cluster029.hosting.ovh.net\/index.php\/wp-json\/wp\/v2\/product_cat?post=101"},{"taxonomy":"product_tag","embeddable":true,"href":"http:\/\/bnzmany.cluster029.hosting.ovh.net\/index.php\/wp-json\/wp\/v2\/product_tag?post=101"}],"curies":[{"name":"wp","href":"https:\/\/api.w.org\/{rel}","templated":true}]}}